{"id":618,"date":"2024-08-21T07:59:24","date_gmt":"2024-08-21T07:59:24","guid":{"rendered":"https:\/\/rebellionperfumery.com\/?post_type=product&#038;p=618"},"modified":"2026-01-28T08:36:23","modified_gmt":"2026-01-28T08:36:23","slug":"eclat-de-neroli","status":"publish","type":"product","link":"https:\/\/rebellionperfumery.com\/th\/product\/eclat-de-neroli\/","title":{"rendered":"\u00c9clat de N\u00e9roli"},"content":{"rendered":"<p><strong>\u00c9clat de N\u00e9roli<\/strong><br \/>\nEau de Parfum<span style=\"font-weight: 400;\"><br \/>\n50ml<\/span><\/p>\n<p><strong>Notes:<\/strong><\/p>\n<div class=\"x11i5rnm xat24cr x1mh8g0r x1vvkbs xtlvy1s x126k92a\">\n<div dir=\"auto\">\n<div dir=\"auto\">\n<div dir=\"auto\">\n<p><span style=\"font-weight: 400;\">Neroli, Bitter Orange, Green note, <\/span><span style=\"font-weight: 400;\">Geranium, Magnolia, Lotus, White tea, <\/span><span style=\"font-weight: 400;\">Olibanum, Aqua note, Cashmeran<\/span><\/p>\n<\/div>\n<\/div>\n<\/div>\n<\/div>\n<p>**** The sold products are in the current bottle design ****<\/p>\n<p>&nbsp;<\/p>\n<p class=\"h5\"><strong>Description:<\/strong><\/p>\n<p><span style=\"font-weight: 400;\">The freshness from Neroli and White Tea creates a Fresh, Citrus, Clean scent that&#8217;s perfectly balanced and enticing, suitable for a relaxing day.<\/span><\/p>","protected":false},"excerpt":{"rendered":"<p>\u00c9clat de N\u00e9roli Eau de Parfum 50ml Notes: Neroli, Bitter Orange, Green note, Geranium, Magnolia, Lotus, White tea, Olibanum, Aqua note, Cashmeran **** The sold products are in the current bottle design **** &nbsp; Description: The freshness from Neroli and White Tea creates a Fresh, Citrus, Clean scent that&#8217;s perfectly balanced and enticing, suitable for [&hellip;]<\/p>","protected":false},"featured_media":751,"comment_status":"open","ping_status":"closed","template":"","meta":[],"product_brand":[],"product_cat":[21,30],"product_tag":[329,83,47,153,111],"class_list":{"0":"post-618","1":"product","2":"type-product","3":"status-publish","4":"has-post-thumbnail","6":"product_cat-fragrances","7":"product_cat-tada-parfumeur","8":"product_tag-aqua-note","9":"product_tag-citrus","10":"product_tag-floral","11":"product_tag-neroli","12":"product_tag-tea","14":"first","15":"instock","16":"shipping-taxable","17":"purchasable","18":"product-type-simple"},"_links":{"self":[{"href":"https:\/\/rebellionperfumery.com\/th\/wp-json\/wp\/v2\/product\/618","targetHints":{"allow":["GET"]}}],"collection":[{"href":"https:\/\/rebellionperfumery.com\/th\/wp-json\/wp\/v2\/product"}],"about":[{"href":"https:\/\/rebellionperfumery.com\/th\/wp-json\/wp\/v2\/types\/product"}],"replies":[{"embeddable":true,"href":"https:\/\/rebellionperfumery.com\/th\/wp-json\/wp\/v2\/comments?post=618"}],"wp:featuredmedia":[{"embeddable":true,"href":"https:\/\/rebellionperfumery.com\/th\/wp-json\/wp\/v2\/media\/751"}],"wp:attachment":[{"href":"https:\/\/rebellionperfumery.com\/th\/wp-json\/wp\/v2\/media?parent=618"}],"wp:term":[{"taxonomy":"product_brand","embeddable":true,"href":"https:\/\/rebellionperfumery.com\/th\/wp-json\/wp\/v2\/product_brand?post=618"},{"taxonomy":"product_cat","embeddable":true,"href":"https:\/\/rebellionperfumery.com\/th\/wp-json\/wp\/v2\/product_cat?post=618"},{"taxonomy":"product_tag","embeddable":true,"href":"https:\/\/rebellionperfumery.com\/th\/wp-json\/wp\/v2\/product_tag?post=618"}],"curies":[{"name":"wp","href":"https:\/\/api.w.org\/{rel}","templated":true}]}}